{"id":7891,"date":"2024-05-13T09:19:45","date_gmt":"2024-05-13T09:19:45","guid":{"rendered":"https:\/\/trusted-astrology.com\/sobre-nos-bem-vindo-a-trusted-astrology\/"},"modified":"2024-05-23T14:02:53","modified_gmt":"2024-05-23T14:02:53","slug":"sobre-nos-bem-vindo-a-trusted-astrology","status":"publish","type":"page","link":"https:\/\/trusted-astrology.com\/pt-br\/sobre-nos-bem-vindo-a-trusted-astrology\/","title":{"rendered":"Sobre N\u00f3s \u2013 Bem-vindo \u00e0 Trusted Astrology!"},"content":{"rendered":"\n<p><a href=\"https:\/\/trusted-astrology.com\/#facebook\" rel=\"noreferrer noopener\" target=\"_blank\"><\/a><\/p>\n\n<figure class=\"wp-block-image size-full\"><img loading=\"lazy\" decoding=\"async\" width=\"1024\" height=\"314\" src=\"https:\/\/trusted-astrology.com\/wp-content\/uploads\/2024\/05\/about-trusted-astrology-1024x314-1.webp\" alt=\"\" class=\"wp-image-42\" srcset=\"https:\/\/trusted-astrology.com\/wp-content\/uploads\/2024\/05\/about-trusted-astrology-1024x314-1.webp 1024w, https:\/\/trusted-astrology.com\/wp-content\/uploads\/2024\/05\/about-trusted-astrology-1024x314-1-300x92.webp 300w, https:\/\/trusted-astrology.com\/wp-content\/uploads\/2024\/05\/about-trusted-astrology-1024x314-1-768x236.webp 768w\" sizes=\"auto, (max-width: 1024px) 100vw, 1024px\" \/><\/figure>\n\n<h2 class=\"wp-block-heading\">A astrologia \u00e9 uma arte, uma ci\u00eancia e uma maneira de viver sua melhor vida.<\/h2>\n\n<p>Maria come\u00e7ou o site Astrologia Confi\u00e1vel ap\u00f3s uma viagem de um ano pelo mundo. Ela teve a oportunidade de conhecer astr\u00f3logos de classe mundial, mas n\u00e3o t\u00e3o famosos, na Europa, \u00c1sia, \u00c1frica e Am\u00e9ricas.<\/p>\n\n<p>Encontrar recursos confi\u00e1veis sobre astrologia \u00e9 dif\u00edcil, e ela acredita que n\u00e3o precisa ser assim.<\/p>\n\n<p>Por frustra\u00e7\u00e3o, ela come\u00e7ou o Trusted-Astrology.com durante sua viagem e, \u00e0 medida que se tornava cada vez mais popular, ofereceu a um grupo seleto de astr\u00f3logos a oportunidade de publicar e compartilhar sua sabedoria no site Astrologia Confi\u00e1vel.<\/p>\n\n<p>Sua vis\u00e3o \u00e9 ancorada na autenticidade, confiabilidade e lealdade.<\/p>\n\n<p>Cada cultura e civiliza\u00e7\u00e3o tem seus mitos e ferramentas astrol\u00f3gicas, mas todas t\u00eam um prop\u00f3sito: ajudar seus seguidores a tomar as decis\u00f5es certas e viver felizes com sua comunidade.<\/p>\n\n<p>O controle de qualidade \u00e9 essencial para n\u00f3s; por isso, cada artigo \u00e9 revisado por pelo menos dois astr\u00f3logos. S\u00f3 publicamos o que acreditamos ser a avalia\u00e7\u00e3o mais precisa da situa\u00e7\u00e3o e da evolu\u00e7\u00e3o dos elementos celestiais.<\/p>\n\n<p>Apesar de d\u00e9cadas de treinamento e aprendizado intenso, n\u00e3o podemos ser cem por cento precisos. Portanto, sempre pedimos que voc\u00ea use seu melhor julgamento para avaliar as leituras astrais no contexto de sua pr\u00f3pria vida.<\/p>\n\n<p>\u00c0 medida que nossa equipe cresce e evolui, sempre recebemos novas inscri\u00e7\u00f5es de astr\u00f3logos genu\u00ednos e aut\u00eanticos dispostos a compartilhar com o mundo suas previs\u00f5es e previs\u00f5es.<\/p>\n\n<p>Para voc\u00ea, caro leitor, estamos dispostos a fazer o que for necess\u00e1rio para responder \u00e0s suas perguntas e ajudar da melhor forma poss\u00edvel. Agradecer\u00edamos se voc\u00ea pudesse dedicar um minuto ou dois para compartilhar conosco o que est\u00e1 em sua mente, o que voc\u00ea gosta no conte\u00fado que est\u00e1 lendo em nosso site e tamb\u00e9m o que podemos melhorar.<\/p>\n\n<p>O melhor presente que voc\u00ea pode nos oferecer \u00e9 sua sugest\u00e3o franca de melhoria; voc\u00ea tamb\u00e9m pode contar a seus amigos e familiares sobre o Trusted-Astrology.com como um gesto de gratid\u00e3o.<\/p>\n\n<p>Se voc\u00ea quiser entrar em contato conosco, sempre pode deixar um coment\u00e1rio ou usar o formul\u00e1rio de contato. Faremos o nosso melhor para responder a voc\u00ea dentro de quarenta e oito horas.<\/p>\n\n<p>Para o seu sucesso,<\/p>\n\n<p class=\"has-text-color has-link-color has-small-font-size wp-elements-2846603538404a3dd72a0a6fe203494f\" style=\"color:#6ab5d6\"><em><strong>Maria \u2013 Fundadora do Trusted-Astrology.com<\/strong><\/em><\/p>\n","protected":false},"excerpt":{"rendered":"<p>A astrologia \u00e9 uma arte, uma ci\u00eancia e uma maneira de viver sua melhor vida. Maria come\u00e7ou o site Astrologia Confi\u00e1vel ap\u00f3s uma viagem de um ano pelo mundo. Ela &hellip;<\/p>\n","protected":false},"author":1,"featured_media":0,"parent":0,"menu_order":0,"comment_status":"closed","ping_status":"closed","template":"","meta":{"_genesis_block_theme_hide_title":false,"footnotes":""},"class_list":["post-7891","page","type-page","status-publish","hentry","post","without-featured-image"],"yoast_head":"<!-- This site is optimized with the Yoast SEO plugin v25.7 - https:\/\/yoast.com\/wordpress\/plugins\/seo\/ -->\n<title>Sobre N\u00f3s \u2013 Bem-vindo \u00e0 Trusted Astrology! - Trusted Astrology<\/title>\n<meta name=\"description\" content=\"Trusted Astrology - Sobre N\u00f3s \u2013 Bem-vindo \u00e0 Trusted Astrology!\" \/>\n<meta name=\"robots\" content=\"index, follow, max-snippet:-1, max-image-preview:large, max-video-preview:-1\" \/>\n<link rel=\"canonical\" href=\"https:\/\/trusted-astrology.com\/pt-br\/sobre-nos-bem-vindo-a-trusted-astrology\/\" \/>\n<meta property=\"og:locale\" content=\"pt_BR\" \/>\n<meta property=\"og:type\" content=\"article\" \/>\n<meta property=\"og:title\" content=\"Sobre N\u00f3s \u2013 Bem-vindo \u00e0 Trusted Astrology! - Trusted Astrology\" \/>\n<meta property=\"og:description\" content=\"Trusted Astrology - Sobre N\u00f3s \u2013 Bem-vindo \u00e0 Trusted Astrology!\" \/>\n<meta property=\"og:url\" content=\"https:\/\/trusted-astrology.com\/pt-br\/sobre-nos-bem-vindo-a-trusted-astrology\/\" \/>\n<meta property=\"og:site_name\" content=\"Trusted Astrology\" \/>\n<meta property=\"article:modified_time\" content=\"2024-05-23T14:02:53+00:00\" \/>\n<meta property=\"og:image\" content=\"https:\/\/trusted-astrology.com\/wp-content\/uploads\/2024\/05\/about-trusted-astrology-1024x314-1.webp\" \/>\n<meta name=\"twitter:card\" content=\"summary_large_image\" \/>\n<meta name=\"twitter:label1\" content=\"Est. tempo de leitura\" \/>\n\t<meta name=\"twitter:data1\" content=\"2 minutos\" \/>\n<script type=\"application\/ld+json\" class=\"yoast-schema-graph\">{\"@context\":\"https:\/\/schema.org\",\"@graph\":[{\"@type\":\"WebPage\",\"@id\":\"https:\/\/trusted-astrology.com\/pt-br\/sobre-nos-bem-vindo-a-trusted-astrology\/\",\"url\":\"https:\/\/trusted-astrology.com\/pt-br\/sobre-nos-bem-vindo-a-trusted-astrology\/\",\"name\":\"Sobre N\u00f3s \u2013 Bem-vindo \u00e0 Trusted Astrology! - Trusted Astrology\",\"isPartOf\":{\"@id\":\"https:\/\/trusted-astrology.com\/pt-br\/#website\"},\"primaryImageOfPage\":{\"@id\":\"https:\/\/trusted-astrology.com\/pt-br\/sobre-nos-bem-vindo-a-trusted-astrology\/#primaryimage\"},\"image\":{\"@id\":\"https:\/\/trusted-astrology.com\/pt-br\/sobre-nos-bem-vindo-a-trusted-astrology\/#primaryimage\"},\"thumbnailUrl\":\"https:\/\/trusted-astrology.com\/wp-content\/uploads\/2024\/05\/about-trusted-astrology-1024x314-1.webp\",\"datePublished\":\"2024-05-13T09:19:45+00:00\",\"dateModified\":\"2024-05-23T14:02:53+00:00\",\"description\":\"Trusted Astrology - Sobre N\u00f3s \u2013 Bem-vindo \u00e0 Trusted Astrology!\",\"breadcrumb\":{\"@id\":\"https:\/\/trusted-astrology.com\/pt-br\/sobre-nos-bem-vindo-a-trusted-astrology\/#breadcrumb\"},\"inLanguage\":\"pt-BR\",\"potentialAction\":[{\"@type\":\"ReadAction\",\"target\":[\"https:\/\/trusted-astrology.com\/pt-br\/sobre-nos-bem-vindo-a-trusted-astrology\/\"]}]},{\"@type\":\"ImageObject\",\"inLanguage\":\"pt-BR\",\"@id\":\"https:\/\/trusted-astrology.com\/pt-br\/sobre-nos-bem-vindo-a-trusted-astrology\/#primaryimage\",\"url\":\"https:\/\/trusted-astrology.com\/wp-content\/uploads\/2024\/05\/about-trusted-astrology-1024x314-1.webp\",\"contentUrl\":\"https:\/\/trusted-astrology.com\/wp-content\/uploads\/2024\/05\/about-trusted-astrology-1024x314-1.webp\"},{\"@type\":\"BreadcrumbList\",\"@id\":\"https:\/\/trusted-astrology.com\/pt-br\/sobre-nos-bem-vindo-a-trusted-astrology\/#breadcrumb\",\"itemListElement\":[{\"@type\":\"ListItem\",\"position\":1,\"name\":\"Home\",\"item\":\"https:\/\/trusted-astrology.com\/pt-br\/home-trusted-astrology\/\"},{\"@type\":\"ListItem\",\"position\":2,\"name\":\"Sobre N\u00f3s \u2013 Bem-vindo \u00e0 Trusted Astrology!\"}]},{\"@type\":\"WebSite\",\"@id\":\"https:\/\/trusted-astrology.com\/pt-br\/#website\",\"url\":\"https:\/\/trusted-astrology.com\/pt-br\/\",\"name\":\"Trusted Astrology\",\"description\":\"Your daily horoscope and trusted astrology resources\",\"publisher\":{\"@id\":\"https:\/\/trusted-astrology.com\/pt-br\/#organization\"},\"potentialAction\":[{\"@type\":\"SearchAction\",\"target\":{\"@type\":\"EntryPoint\",\"urlTemplate\":\"https:\/\/trusted-astrology.com\/pt-br\/?s={search_term_string}\"},\"query-input\":{\"@type\":\"PropertyValueSpecification\",\"valueRequired\":true,\"valueName\":\"search_term_string\"}}],\"inLanguage\":\"pt-BR\"},{\"@type\":\"Organization\",\"@id\":\"https:\/\/trusted-astrology.com\/pt-br\/#organization\",\"name\":\"Trusted Astrology\",\"url\":\"https:\/\/trusted-astrology.com\/pt-br\/\",\"logo\":{\"@type\":\"ImageObject\",\"inLanguage\":\"pt-BR\",\"@id\":\"https:\/\/trusted-astrology.com\/pt-br\/#\/schema\/logo\/image\/\",\"url\":\"https:\/\/trusted-astrology.com\/wp-content\/uploads\/2024\/05\/header_logo.png\",\"contentUrl\":\"https:\/\/trusted-astrology.com\/wp-content\/uploads\/2024\/05\/header_logo.png\",\"width\":578,\"height\":69,\"caption\":\"Trusted Astrology\"},\"image\":{\"@id\":\"https:\/\/trusted-astrology.com\/pt-br\/#\/schema\/logo\/image\/\"}}]}<\/script>\n<!-- \/ Yoast SEO plugin. -->","yoast_head_json":{"title":"Sobre N\u00f3s \u2013 Bem-vindo \u00e0 Trusted Astrology! - Trusted Astrology","description":"Trusted Astrology - Sobre N\u00f3s \u2013 Bem-vindo \u00e0 Trusted Astrology!","robots":{"index":"index","follow":"follow","max-snippet":"max-snippet:-1","max-image-preview":"max-image-preview:large","max-video-preview":"max-video-preview:-1"},"canonical":"https:\/\/trusted-astrology.com\/pt-br\/sobre-nos-bem-vindo-a-trusted-astrology\/","og_locale":"pt_BR","og_type":"article","og_title":"Sobre N\u00f3s \u2013 Bem-vindo \u00e0 Trusted Astrology! - Trusted Astrology","og_description":"Trusted Astrology - Sobre N\u00f3s \u2013 Bem-vindo \u00e0 Trusted Astrology!","og_url":"https:\/\/trusted-astrology.com\/pt-br\/sobre-nos-bem-vindo-a-trusted-astrology\/","og_site_name":"Trusted Astrology","article_modified_time":"2024-05-23T14:02:53+00:00","og_image":[{"url":"https:\/\/trusted-astrology.com\/wp-content\/uploads\/2024\/05\/about-trusted-astrology-1024x314-1.webp","type":"","width":"","height":""}],"twitter_card":"summary_large_image","twitter_misc":{"Est. tempo de leitura":"2 minutos"},"schema":{"@context":"https:\/\/schema.org","@graph":[{"@type":"WebPage","@id":"https:\/\/trusted-astrology.com\/pt-br\/sobre-nos-bem-vindo-a-trusted-astrology\/","url":"https:\/\/trusted-astrology.com\/pt-br\/sobre-nos-bem-vindo-a-trusted-astrology\/","name":"Sobre N\u00f3s \u2013 Bem-vindo \u00e0 Trusted Astrology! - Trusted Astrology","isPartOf":{"@id":"https:\/\/trusted-astrology.com\/pt-br\/#website"},"primaryImageOfPage":{"@id":"https:\/\/trusted-astrology.com\/pt-br\/sobre-nos-bem-vindo-a-trusted-astrology\/#primaryimage"},"image":{"@id":"https:\/\/trusted-astrology.com\/pt-br\/sobre-nos-bem-vindo-a-trusted-astrology\/#primaryimage"},"thumbnailUrl":"https:\/\/trusted-astrology.com\/wp-content\/uploads\/2024\/05\/about-trusted-astrology-1024x314-1.webp","datePublished":"2024-05-13T09:19:45+00:00","dateModified":"2024-05-23T14:02:53+00:00","description":"Trusted Astrology - Sobre N\u00f3s \u2013 Bem-vindo \u00e0 Trusted Astrology!","breadcrumb":{"@id":"https:\/\/trusted-astrology.com\/pt-br\/sobre-nos-bem-vindo-a-trusted-astrology\/#breadcrumb"},"inLanguage":"pt-BR","potentialAction":[{"@type":"ReadAction","target":["https:\/\/trusted-astrology.com\/pt-br\/sobre-nos-bem-vindo-a-trusted-astrology\/"]}]},{"@type":"ImageObject","inLanguage":"pt-BR","@id":"https:\/\/trusted-astrology.com\/pt-br\/sobre-nos-bem-vindo-a-trusted-astrology\/#primaryimage","url":"https:\/\/trusted-astrology.com\/wp-content\/uploads\/2024\/05\/about-trusted-astrology-1024x314-1.webp","contentUrl":"https:\/\/trusted-astrology.com\/wp-content\/uploads\/2024\/05\/about-trusted-astrology-1024x314-1.webp"},{"@type":"BreadcrumbList","@id":"https:\/\/trusted-astrology.com\/pt-br\/sobre-nos-bem-vindo-a-trusted-astrology\/#breadcrumb","itemListElement":[{"@type":"ListItem","position":1,"name":"Home","item":"https:\/\/trusted-astrology.com\/pt-br\/home-trusted-astrology\/"},{"@type":"ListItem","position":2,"name":"Sobre N\u00f3s \u2013 Bem-vindo \u00e0 Trusted Astrology!"}]},{"@type":"WebSite","@id":"https:\/\/trusted-astrology.com\/pt-br\/#website","url":"https:\/\/trusted-astrology.com\/pt-br\/","name":"Trusted Astrology","description":"Your daily horoscope and trusted astrology resources","publisher":{"@id":"https:\/\/trusted-astrology.com\/pt-br\/#organization"},"potentialAction":[{"@type":"SearchAction","target":{"@type":"EntryPoint","urlTemplate":"https:\/\/trusted-astrology.com\/pt-br\/?s={search_term_string}"},"query-input":{"@type":"PropertyValueSpecification","valueRequired":true,"valueName":"search_term_string"}}],"inLanguage":"pt-BR"},{"@type":"Organization","@id":"https:\/\/trusted-astrology.com\/pt-br\/#organization","name":"Trusted Astrology","url":"https:\/\/trusted-astrology.com\/pt-br\/","logo":{"@type":"ImageObject","inLanguage":"pt-BR","@id":"https:\/\/trusted-astrology.com\/pt-br\/#\/schema\/logo\/image\/","url":"https:\/\/trusted-astrology.com\/wp-content\/uploads\/2024\/05\/header_logo.png","contentUrl":"https:\/\/trusted-astrology.com\/wp-content\/uploads\/2024\/05\/header_logo.png","width":578,"height":69,"caption":"Trusted Astrology"},"image":{"@id":"https:\/\/trusted-astrology.com\/pt-br\/#\/schema\/logo\/image\/"}}]}},"featured_image_src":null,"featured_image_src_square":null,"_links":{"self":[{"href":"https:\/\/trusted-astrology.com\/pt-br\/wp-json\/wp\/v2\/pages\/7891","targetHints":{"allow":["GET"]}}],"collection":[{"href":"https:\/\/trusted-astrology.com\/pt-br\/wp-json\/wp\/v2\/pages"}],"about":[{"href":"https:\/\/trusted-astrology.com\/pt-br\/wp-json\/wp\/v2\/types\/page"}],"author":[{"embeddable":true,"href":"https:\/\/trusted-astrology.com\/pt-br\/wp-json\/wp\/v2\/users\/1"}],"replies":[{"embeddable":true,"href":"https:\/\/trusted-astrology.com\/pt-br\/wp-json\/wp\/v2\/comments?post=7891"}],"version-history":[{"count":0,"href":"https:\/\/trusted-astrology.com\/pt-br\/wp-json\/wp\/v2\/pages\/7891\/revisions"}],"wp:attachment":[{"href":"https:\/\/trusted-astrology.com\/pt-br\/wp-json\/wp\/v2\/media?parent=7891"}],"curies":[{"name":"wp","href":"https:\/\/api.w.org\/{rel}","templated":true}]}}